{"id":196,"date":"2025-09-28T15:04:18","date_gmt":"2025-09-28T15:04:18","guid":{"rendered":"https:\/\/www.etlesperes.org\/?page_id=196"},"modified":"2025-09-28T15:37:05","modified_gmt":"2025-09-28T15:37:05","slug":"guide-laccueil-des-peres-dans-les-structures-de-la-parentalite","status":"publish","type":"page","link":"https:\/\/www.etlesperes.org\/index.php\/guide-laccueil-des-peres-dans-les-structures-de-la-parentalite\/","title":{"rendered":"Guide : L\u2019accueil des p\u00e8res dans les structures de la parentalit\u00e9"},"content":{"rendered":"\n<p><em>Auteurs : Et les p\u00e8res, Artemisia et Ressources Paternit\u00e9 Occitanie<\/em> <em>&#8211; Juin 2024<\/em><br>Ce guide vise \u00e0 lever les freins que rencontrent les professionnel.le.s pour int\u00e9grer les<br>p\u00e8res dans leurs pratiques d\u2019accompagnement en r\u00e9pondant aux questions suivantes :<br>Qui sont les p\u00e8res ? Pourquoi aller vers les p\u00e8res ? Comment aller vers les p\u00e8res ?<\/p>\n\n\n\n<div data-wp-interactive=\"core\/file\" class=\"wp-block-file\"><object data-wp-bind--hidden=\"!state.hasPdfPreview\" hidden class=\"wp-block-file__embed\" data=\"https:\/\/www.etlesperes.org\/wp-content\/uploads\/2025\/09\/Laccueil-des-peres-dans-les-structures-de-la-parentalite_ELP_Artemisia_RPO_Juin-2024.pdf\" type=\"application\/pdf\" style=\"width:100%;height:740px\" aria-label=\"Contenu embarqu\u00e9 L\u2019accueil des p\u00e8res dans les structures de la parentalit\u00e9_ELP_Artemisia_RPO_Juin 2024.\"><\/object><a id=\"wp-block-file--media-d32e3114-af3b-4cb8-91ed-d99db3051b45\" href=\"https:\/\/www.etlesperes.org\/wp-content\/uploads\/2025\/09\/Laccueil-des-peres-dans-les-structures-de-la-parentalite_ELP_Artemisia_RPO_Juin-2024.pdf\">L\u2019accueil des p\u00e8res dans les structures de la parentalit\u00e9_ELP_Artemisia_RPO_Juin 2024<\/a><a href=\"https:\/\/www.etlesperes.org\/wp-content\/uploads\/2025\/09\/Laccueil-des-peres-dans-les-structures-de-la-parentalite_ELP_Artemisia_RPO_Juin-2024.pdf\" class=\"wp-block-file__button wp-element-button\" download aria-describedby=\"wp-block-file--media-d32e3114-af3b-4cb8-91ed-d99db3051b45\">T\u00e9l\u00e9charger<\/a><\/div>\n","protected":false},"excerpt":{"rendered":"<p>Auteurs : Et les p\u00e8res, Artemisia et Ressources Paternit\u00e9 Occitanie &#8211; Juin 2024Ce guide vise \u00e0 lever les freins que rencontrent les professionnel.le.s pour int\u00e9grer lesp\u00e8res dans leurs pratiques d\u2019accompagnement en r\u00e9pondant aux questions suivantes :Qui sont les p\u00e8res ? Pourquoi aller vers les p\u00e8res ? Comment aller vers les p\u00e8res ?<\/p>\n","protected":false},"author":1,"featured_media":0,"parent":0,"menu_order":0,"comment_status":"closed","ping_status":"closed","template":"","meta":{"footnotes":""},"class_list":["post-196","page","type-page","status-publish","hentry"],"yoast_head":"<!-- This site is optimized with the Yoast SEO plugin v25.9 - https:\/\/yoast.com\/wordpress\/plugins\/seo\/ -->\n<title>Guide : L\u2019accueil des p\u00e8res dans les structures de la parentalit\u00e9 - Association et les p\u00e8res !<\/title>\n<meta name=\"robots\" content=\"index, follow, max-snippet:-1, max-image-preview:large, max-video-preview:-1\" \/>\n<link rel=\"canonical\" href=\"https:\/\/www.etlesperes.org\/index.php\/guide-laccueil-des-peres-dans-les-structures-de-la-parentalite\/\" \/>\n<meta property=\"og:locale\" content=\"fr_FR\" \/>\n<meta property=\"og:type\" content=\"article\" \/>\n<meta property=\"og:title\" content=\"Guide : L\u2019accueil des p\u00e8res dans les structures de la parentalit\u00e9 - Association et les p\u00e8res !\" \/>\n<meta property=\"og:description\" content=\"Auteurs : Et les p\u00e8res, Artemisia et Ressources Paternit\u00e9 Occitanie &#8211; Juin 2024Ce guide vise \u00e0 lever les freins que rencontrent les professionnel.le.s pour int\u00e9grer lesp\u00e8res dans leurs pratiques d\u2019accompagnement en r\u00e9pondant aux questions suivantes :Qui sont les p\u00e8res ? Pourquoi aller vers les p\u00e8res ? Comment aller vers les p\u00e8res ?\" \/>\n<meta property=\"og:url\" content=\"https:\/\/www.etlesperes.org\/index.php\/guide-laccueil-des-peres-dans-les-structures-de-la-parentalite\/\" \/>\n<meta property=\"og:site_name\" content=\"Association et les p\u00e8res !\" \/>\n<meta property=\"article:modified_time\" content=\"2025-09-28T15:37:05+00:00\" \/>\n<meta name=\"twitter:card\" content=\"summary_large_image\" \/>\n<meta name=\"twitter:label1\" content=\"Dur\u00e9e de lecture estim\u00e9e\" \/>\n\t<meta name=\"twitter:data1\" content=\"1 minute\" \/>\n<script type=\"application\/ld+json\" class=\"yoast-schema-graph\">{\"@context\":\"https:\/\/schema.org\",\"@graph\":[{\"@type\":\"WebPage\",\"@id\":\"https:\/\/www.etlesperes.org\/index.php\/guide-laccueil-des-peres-dans-les-structures-de-la-parentalite\/\",\"url\":\"https:\/\/www.etlesperes.org\/index.php\/guide-laccueil-des-peres-dans-les-structures-de-la-parentalite\/\",\"name\":\"Guide : L\u2019accueil des p\u00e8res dans les structures de la parentalit\u00e9 - Association et les p\u00e8res !\",\"isPartOf\":{\"@id\":\"https:\/\/www.etlesperes.org\/#website\"},\"datePublished\":\"2025-09-28T15:04:18+00:00\",\"dateModified\":\"2025-09-28T15:37:05+00:00\",\"breadcrumb\":{\"@id\":\"https:\/\/www.etlesperes.org\/index.php\/guide-laccueil-des-peres-dans-les-structures-de-la-parentalite\/#breadcrumb\"},\"inLanguage\":\"fr-FR\",\"potentialAction\":[{\"@type\":\"ReadAction\",\"target\":[\"https:\/\/www.etlesperes.org\/index.php\/guide-laccueil-des-peres-dans-les-structures-de-la-parentalite\/\"]}]},{\"@type\":\"BreadcrumbList\",\"@id\":\"https:\/\/www.etlesperes.org\/index.php\/guide-laccueil-des-peres-dans-les-structures-de-la-parentalite\/#breadcrumb\",\"itemListElement\":[{\"@type\":\"ListItem\",\"position\":1,\"name\":\"Accueil\",\"item\":\"https:\/\/www.etlesperes.org\/\"},{\"@type\":\"ListItem\",\"position\":2,\"name\":\"Guide : L\u2019accueil des p\u00e8res dans les structures de la parentalit\u00e9\"}]},{\"@type\":\"WebSite\",\"@id\":\"https:\/\/www.etlesperes.org\/#website\",\"url\":\"https:\/\/www.etlesperes.org\/\",\"name\":\"Association et les p\u00e8res !\",\"description\":\"\",\"potentialAction\":[{\"@type\":\"SearchAction\",\"target\":{\"@type\":\"EntryPoint\",\"urlTemplate\":\"https:\/\/www.etlesperes.org\/?s={search_term_string}\"},\"query-input\":{\"@type\":\"PropertyValueSpecification\",\"valueRequired\":true,\"valueName\":\"search_term_string\"}}],\"inLanguage\":\"fr-FR\"}]}<\/script>\n<!-- \/ Yoast SEO plugin. -->","yoast_head_json":{"title":"Guide : L\u2019accueil des p\u00e8res dans les structures de la parentalit\u00e9 - Association et les p\u00e8res !","robots":{"index":"index","follow":"follow","max-snippet":"max-snippet:-1","max-image-preview":"max-image-preview:large","max-video-preview":"max-video-preview:-1"},"canonical":"https:\/\/www.etlesperes.org\/index.php\/guide-laccueil-des-peres-dans-les-structures-de-la-parentalite\/","og_locale":"fr_FR","og_type":"article","og_title":"Guide : L\u2019accueil des p\u00e8res dans les structures de la parentalit\u00e9 - Association et les p\u00e8res !","og_description":"Auteurs : Et les p\u00e8res, Artemisia et Ressources Paternit\u00e9 Occitanie &#8211; Juin 2024Ce guide vise \u00e0 lever les freins que rencontrent les professionnel.le.s pour int\u00e9grer lesp\u00e8res dans leurs pratiques d\u2019accompagnement en r\u00e9pondant aux questions suivantes :Qui sont les p\u00e8res ? Pourquoi aller vers les p\u00e8res ? Comment aller vers les p\u00e8res ?","og_url":"https:\/\/www.etlesperes.org\/index.php\/guide-laccueil-des-peres-dans-les-structures-de-la-parentalite\/","og_site_name":"Association et les p\u00e8res !","article_modified_time":"2025-09-28T15:37:05+00:00","twitter_card":"summary_large_image","twitter_misc":{"Dur\u00e9e de lecture estim\u00e9e":"1 minute"},"schema":{"@context":"https:\/\/schema.org","@graph":[{"@type":"WebPage","@id":"https:\/\/www.etlesperes.org\/index.php\/guide-laccueil-des-peres-dans-les-structures-de-la-parentalite\/","url":"https:\/\/www.etlesperes.org\/index.php\/guide-laccueil-des-peres-dans-les-structures-de-la-parentalite\/","name":"Guide : L\u2019accueil des p\u00e8res dans les structures de la parentalit\u00e9 - Association et les p\u00e8res !","isPartOf":{"@id":"https:\/\/www.etlesperes.org\/#website"},"datePublished":"2025-09-28T15:04:18+00:00","dateModified":"2025-09-28T15:37:05+00:00","breadcrumb":{"@id":"https:\/\/www.etlesperes.org\/index.php\/guide-laccueil-des-peres-dans-les-structures-de-la-parentalite\/#breadcrumb"},"inLanguage":"fr-FR","potentialAction":[{"@type":"ReadAction","target":["https:\/\/www.etlesperes.org\/index.php\/guide-laccueil-des-peres-dans-les-structures-de-la-parentalite\/"]}]},{"@type":"BreadcrumbList","@id":"https:\/\/www.etlesperes.org\/index.php\/guide-laccueil-des-peres-dans-les-structures-de-la-parentalite\/#breadcrumb","itemListElement":[{"@type":"ListItem","position":1,"name":"Accueil","item":"https:\/\/www.etlesperes.org\/"},{"@type":"ListItem","position":2,"name":"Guide : L\u2019accueil des p\u00e8res dans les structures de la parentalit\u00e9"}]},{"@type":"WebSite","@id":"https:\/\/www.etlesperes.org\/#website","url":"https:\/\/www.etlesperes.org\/","name":"Association et les p\u00e8res !","description":"","potentialAction":[{"@type":"SearchAction","target":{"@type":"EntryPoint","urlTemplate":"https:\/\/www.etlesperes.org\/?s={search_term_string}"},"query-input":{"@type":"PropertyValueSpecification","valueRequired":true,"valueName":"search_term_string"}}],"inLanguage":"fr-FR"}]}},"_links":{"self":[{"href":"https:\/\/www.etlesperes.org\/index.php\/wp-json\/wp\/v2\/pages\/196","targetHints":{"allow":["GET"]}}],"collection":[{"href":"https:\/\/www.etlesperes.org\/index.php\/wp-json\/wp\/v2\/pages"}],"about":[{"href":"https:\/\/www.etlesperes.org\/index.php\/wp-json\/wp\/v2\/types\/page"}],"author":[{"embeddable":true,"href":"https:\/\/www.etlesperes.org\/index.php\/wp-json\/wp\/v2\/users\/1"}],"replies":[{"embeddable":true,"href":"https:\/\/www.etlesperes.org\/index.php\/wp-json\/wp\/v2\/comments?post=196"}],"version-history":[{"count":3,"href":"https:\/\/www.etlesperes.org\/index.php\/wp-json\/wp\/v2\/pages\/196\/revisions"}],"predecessor-version":[{"id":201,"href":"https:\/\/www.etlesperes.org\/index.php\/wp-json\/wp\/v2\/pages\/196\/revisions\/201"}],"wp:attachment":[{"href":"https:\/\/www.etlesperes.org\/index.php\/wp-json\/wp\/v2\/media?parent=196"}],"curies":[{"name":"wp","href":"https:\/\/api.w.org\/{rel}","templated":true}]}}